{"id":65,"date":"2018-10-15T11:53:25","date_gmt":"2018-10-15T14:53:25","guid":{"rendered":"http:\/\/marcelorepresentacoes.com\/?page_id=65"},"modified":"2019-05-29T18:46:34","modified_gmt":"2019-05-29T21:46:34","slug":"sobre","status":"publish","type":"page","link":"http:\/\/marcelorepresentacoes.com\/?page_id=65","title":{"rendered":"Sobre"},"content":{"rendered":"<p>[et_pb_section fb_built=&#8221;1&#8243; _builder_version=&#8221;3.0.47&#8243; custom_padding=&#8221;54px|0px|54px|0|false|false&#8221;][et_pb_row _builder_version=&#8221;3.0.48&#8243; background_size=&#8221;initial&#8221; background_position=&#8221;top_left&#8221; background_repeat=&#8221;repeat&#8221;][et_pb_column type=&#8221;1_2&#8243; _builder_version=&#8221;3.0.47&#8243; parallax=&#8221;off&#8221; parallax_method=&#8221;on&#8221;][et_pb_post_title meta=&#8221;off&#8221; featured_image=&#8221;off&#8221; _builder_version=&#8221;3.17&#8243; title_font=&#8221;|700|||||||&#8221; title_text_color=&#8221;#32338e&#8221; background__hover_enabled=&#8221;on&#8221;]&nbsp;<br \/>\n[\/et_pb_post_title][et_pb_text _builder_version=&#8221;3.17&#8243;]<\/p>\n<div class=\"plain\" align=\"justify\">A M.P. da CRUZ (Marcelo Representa\u00e7\u00f5es), iniciou \u00a0suas atividades em 2007, com a miss\u00e3o \u00a0de \u00a0trabalhar \u00a0 com \u00a0compet\u00eancia, \u00a0 \u00e9tica, respeito, superando limites, \u00a0semeando \u00a0qualidade e revolucionando o mercado de representa\u00e7\u00f5es comerciais, colocando nossos produtos a servi\u00e7o da sua necessidade e \u00a0do \u00a0seu sucesso.<\/div>\n<div class=\"plain\" align=\"justify\">Com os princ\u00edpios \u00a0de \u00a0oferecer \u00a0produtos \u00a0da mais alta qualidade, buscando sempre novas tecnologias \u00a0para a melhoria \u00a0de \u00a0nossos processos e desenvolver solu\u00e7\u00f5es inteligentes.<\/div>\n<p>[\/et_pb_text][\/et_pb_column][et_pb_column type=&#8221;1_2&#8243; _builder_version=&#8221;3.0.47&#8243; parallax=&#8221;off&#8221; parallax_method=&#8221;on&#8221;][et_pb_slider show_arrows=&#8221;off&#8221; show_pagination=&#8221;off&#8221; _builder_version=&#8221;3.17&#8243; auto=&#8221;on&#8221; auto_speed=&#8221;4000&#8243; auto_ignore_hover=&#8221;on&#8221;][et_pb_slide image=&#8221;http:\/\/marcelorepresentacoes.com\/wp-content\/uploads\/2018\/11\/fotos-escritorio-6.jpg&#8221; use_bg_overlay=&#8221;off&#8221; use_text_overlay=&#8221;off&#8221; _builder_version=&#8221;3.17&#8243; background_color=&#8221;#ffffff&#8221; button_on_hover=&#8221;on&#8221;][\/et_pb_slide][et_pb_slide image=&#8221;http:\/\/marcelorepresentacoes.com\/wp-content\/uploads\/2018\/11\/fotos-escritorio-1.jpeg&#8221; use_bg_overlay=&#8221;off&#8221; use_text_overlay=&#8221;off&#8221; _builder_version=&#8221;3.17&#8243; background_color=&#8221;#ffffff&#8221; button_on_hover=&#8221;on&#8221;][\/et_pb_slide][\/et_pb_slider][\/et_pb_column][\/et_pb_row][et_pb_row _builder_version=&#8221;3.17&#8243;][et_pb_column type=&#8221;4_4&#8243; _builder_version=&#8221;3.0.47&#8243; parallax=&#8221;off&#8221; parallax_method=&#8221;on&#8221;][et_pb_tabs _builder_version=&#8221;3.17&#8243;][et_pb_tab title=&#8221;Miss\u00e3o&#8221; _builder_version=&#8221;3.17&#8243; tab_font=&#8221;|600|||||||&#8221; tab_text_color=&#8221;#32338e&#8221; tab_font_size=&#8221;14&#8243; body_font=&#8221;||||||||&#8221;]<\/p>\n<div class=\"plain\" align=\"justify\">Trabalhar com compet\u00eancia, \u00e9tica, respeito, superando limites, semeando qualidade e revolucionando o mercado de representa\u00e7\u00f5es \u00a0comerciais, \u00a0colocando nossos \u00a0 produtos a servi\u00e7o da sua necessidade e do seu sucesso.<\/div>\n<p>[\/et_pb_tab][et_pb_tab title=&#8221;Vis\u00e3o&#8221; _builder_version=&#8221;3.17&#8243; tab_font=&#8221;|600|||||||&#8221; tab_text_color=&#8221;#32338e&#8221; tab_font_size=&#8221;14&#8243; body_font=&#8221;||||||||&#8221;]<\/p>\n<div class=\"plain\" align=\"justify\">Oferecer sempre produtos da mais alta qualidade, buscando sempre novas tecnologias para a melhoria de nossos processos e desenvolver solu\u00e7\u00f5es inteligentes para nossos clientes.<\/div>\n<p>[\/et_pb_tab][et_pb_tab title=&#8221;Valores&#8221; _builder_version=&#8221;3.17&#8243; tab_font=&#8221;|600|||||||&#8221; tab_text_color=&#8221;#32338e&#8221; tab_font_size=&#8221;14&#8243; body_font=&#8221;||||||||&#8221;]<\/p>\n<div class=\"plain\" align=\"justify\">Manter a fam\u00edlia como a base e refer\u00eancia a tudo, aliando a honestidade e a f\u00e9 ao trabalho, fortalecendo assim a \u00e9tica e responsabilidade social.<\/div>\n<p>[\/et_pb_tab][\/et_pb_tabs][\/et_pb_column][\/et_pb_row][et_pb_row _builder_version=&#8221;3.17&#8243;][et_pb_column type=&#8221;4_4&#8243; _builder_version=&#8221;3.0.47&#8243; parallax=&#8221;off&#8221; parallax_method=&#8221;on&#8221;][et_pb_text _builder_version=&#8221;3.17&#8243; text_font=&#8221;||||||||&#8221; text_text_color=&#8221;#32338e&#8221; ul_font=&#8221;||||||||&#8221; header_font=&#8221;||||||||&#8221; header_text_color=&#8221;#32338e&#8221; header_2_font=&#8221;||||||||&#8221;]<\/p>\n<h3><b>Nosso diferencial \u00e9 oferecer:<\/b><\/h3>\n<p>[\/et_pb_text][\/et_pb_column][\/et_pb_row][et_pb_row _builder_version=&#8221;3.17&#8243;][et_pb_column type=&#8221;1_4&#8243; _builder_version=&#8221;3.0.47&#8243; parallax=&#8221;off&#8221; parallax_method=&#8221;on&#8221;][et_pb_cta title=&#8221;Pre\u00e7os competitivos&#8221; button_text=&#8221;Click Here&#8221; _builder_version=&#8221;3.17&#8243; header_level=&#8221;h5&#8243; header_font=&#8221;|||on|||||&#8221; box_shadow_style=&#8221;preset3&#8243; animation_style=&#8221;fade&#8221; animation_starting_opacity=&#8221;60%&#8221; background__hover_enabled=&#8221;on&#8221; background_color__hover=&#8221;#00078e&#8221;][\/et_pb_cta][\/et_pb_column][et_pb_column type=&#8221;1_4&#8243; _builder_version=&#8221;3.0.47&#8243; parallax=&#8221;off&#8221; parallax_method=&#8221;on&#8221;][et_pb_cta title=&#8221;Produtos de qualidade&#8221; button_text=&#8221;Click Here&#8221; _builder_version=&#8221;3.17&#8243; header_level=&#8221;h5&#8243; header_font=&#8221;|||on|||||&#8221; box_shadow_style=&#8221;preset3&#8243; animation_style=&#8221;fade&#8221; animation_starting_opacity=&#8221;60%&#8221; background__hover_enabled=&#8221;on&#8221; background_color__hover=&#8221;#00028e&#8221;][\/et_pb_cta][\/et_pb_column][et_pb_column type=&#8221;1_4&#8243; _builder_version=&#8221;3.0.47&#8243; parallax=&#8221;off&#8221; parallax_method=&#8221;on&#8221;][et_pb_cta title=&#8221;Infraestrutura adequada&#8221; button_text=&#8221;Click Here&#8221; _builder_version=&#8221;3.17&#8243; header_level=&#8221;h5&#8243; header_font=&#8221;|||on|||||&#8221; box_shadow_style=&#8221;preset3&#8243; custom_margin=&#8221;0px|0px|0px|0px&#8221; animation_style=&#8221;fade&#8221; animation_starting_opacity=&#8221;60%&#8221; background__hover_enabled=&#8221;on&#8221; background_color__hover=&#8221;#00028e&#8221;][\/et_pb_cta][\/et_pb_column][et_pb_column type=&#8221;1_4&#8243; _builder_version=&#8221;3.0.47&#8243; parallax=&#8221;off&#8221; parallax_method=&#8221;on&#8221;][et_pb_cta title=&#8221;ATENDIMENTO PERSONALIZADO&#8221; button_text=&#8221;Click Here&#8221; _builder_version=&#8221;3.17&#8243; header_level=&#8221;h5&#8243; header_font=&#8221;|||on|||||&#8221; box_shadow_style=&#8221;preset3&#8243; custom_margin=&#8221;0px|0px|0px|0px&#8221; animation_style=&#8221;fade&#8221; animation_starting_opacity=&#8221;60%&#8221; background__hover_enabled=&#8221;on&#8221; background_color__hover=&#8221;#00028e&#8221;][\/et_pb_cta][\/et_pb_column][\/et_pb_row][\/et_pb_section]<\/p>\n","protected":false},"excerpt":{"rendered":"<p>[et_pb_section fb_built=&#8221;1&#8243; _builder_version=&#8221;3.0.47&#8243; custom_padding=&#8221;54px|0px|54px|0|false|false&#8221;][et_pb_row _builder_version=&#8221;3.0.48&#8243; background_size=&#8221;initial&#8221; background_position=&#8221;top_left&#8221; background_repeat=&#8221;repeat&#8221;][et_pb_column type=&#8221;1_2&#8243; _builder_version=&#8221;3.0.47&#8243; parallax=&#8221;off&#8221; parallax_method=&#8221;on&#8221;][et_pb_post_title meta=&#8221;off&#8221; featured_image=&#8221;off&#8221; _builder_version=&#8221;3.17&#8243; title_font=&#8221;|700|||||||&#8221; title_text_color=&#8221;#32338e&#8221; background__hover_enabled=&#8221;on&#8221;]&nbsp; [\/et_pb_post_title][et_pb_text _builder_version=&#8221;3.17&#8243;] A M.P. da CRUZ (Marcelo Representa\u00e7\u00f5es), iniciou \u00a0suas atividades em 2007, com a miss\u00e3o \u00a0de \u00a0trabalhar \u00a0 com \u00a0compet\u00eancia, \u00a0 \u00e9tica, respeito, superando limites, \u00a0semeando \u00a0qualidade e revolucionando o mercado de representa\u00e7\u00f5es comerciais, colocando nossos [&hellip;]<\/p>\n","protected":false},"author":1,"featured_media":0,"parent":0,"menu_order":0,"comment_status":"closed","ping_status":"closed","template":"","meta":{"_monsterinsights_skip_tracking":false,"_monsterinsights_sitenote_active":false,"_monsterinsights_sitenote_note":"","_monsterinsights_sitenote_category":0,"footnotes":""},"class_list":["post-65","page","type-page","status-publish","hentry"],"_links":{"self":[{"href":"http:\/\/marcelorepresentacoes.com\/index.php?rest_route=\/wp\/v2\/pages\/65","targetHints":{"allow":["GET"]}}],"collection":[{"href":"http:\/\/marcelorepresentacoes.com\/index.php?rest_route=\/wp\/v2\/pages"}],"about":[{"href":"http:\/\/marcelorepresentacoes.com\/index.php?rest_route=\/wp\/v2\/types\/page"}],"author":[{"embeddable":true,"href":"http:\/\/marcelorepresentacoes.com\/index.php?rest_route=\/wp\/v2\/users\/1"}],"replies":[{"embeddable":true,"href":"http:\/\/marcelorepresentacoes.com\/index.php?rest_route=%2Fwp%2Fv2%2Fcomments&post=65"}],"version-history":[{"count":15,"href":"http:\/\/marcelorepresentacoes.com\/index.php?rest_route=\/wp\/v2\/pages\/65\/revisions"}],"predecessor-version":[{"id":400,"href":"http:\/\/marcelorepresentacoes.com\/index.php?rest_route=\/wp\/v2\/pages\/65\/revisions\/400"}],"wp:attachment":[{"href":"http:\/\/marcelorepresentacoes.com\/index.php?rest_route=%2Fwp%2Fv2%2Fmedia&parent=65"}],"curies":[{"name":"wp","href":"https:\/\/api.w.org\/{rel}","templated":true}]}}